{"id":1849,"date":"2024-12-27T23:14:52","date_gmt":"2024-12-27T23:14:52","guid":{"rendered":"https:\/\/azmovimiento.com\/?post_type=product&#038;p=1849"},"modified":"2025-01-21T23:30:22","modified_gmt":"2025-01-21T23:30:22","slug":"az-t80","status":"publish","type":"product","link":"https:\/\/azmovimiento.com\/index.php\/producto\/az-t80\/","title":{"rendered":"AZ-T80"},"content":{"rendered":"<p><small><i>Corte \/ Soldadura \/ Acabado<\/i><\/small><\/p>\n<p><strong>M\u00e1quina Escariadora Port\u00e1til<\/strong><br \/>\nEquipo port\u00e1til de mecanizado exterior; realiza escariado, soldadura y acabado.<\/p>\n<p><strong>Rango de di\u00e1metro:<\/strong> 80 &#8211; 230 Mil\u00edmetros<br \/>\n<strong>Corriente El\u00e9ctrica:<\/strong> 220V 50\/60Hz<br \/>\n<strong>Relaci\u00f3n de Transmisi\u00f3n:<\/strong> 7:5:1<\/p>\n","protected":false},"excerpt":{"rendered":"<p>Corte \/ Soldadura \/ Acabado M\u00e1quina Escariadora Port\u00e1til Equipo port\u00e1til de mecanizado exterior; realiza escariado, soldadura y acabado. Rango de [&hellip;]<\/p>\n","protected":false},"featured_media":2677,"comment_status":"open","ping_status":"closed","template":"","meta":{"site-sidebar-layout":"default","site-content-layout":"","ast-site-content-layout":"default","site-content-style":"default","site-sidebar-style":"default","ast-global-header-display":"","ast-banner-title-visibility":"","ast-main-header-display":"","ast-hfb-above-header-display":"","ast-hfb-below-header-display":"","ast-hfb-mobile-header-display":"","site-post-title":"","ast-breadcrumbs-content":"","ast-featured-img":"","footer-sml-layout":"","theme-transparent-header-meta":"default","adv-header-id-meta":"","stick-header-meta":"","header-above-stick-meta":"","header-main-stick-meta":"","header-below-stick-meta":"","astra-migrate-meta-layouts":"set","ast-page-background-enabled":"default","ast-page-background-meta":{"desktop":{"background-color":"var(--ast-global-color-4)","background-image":"","background-repeat":"repeat","background-position":"center center","background-size":"auto","background-attachment":"scroll","background-type":"","background-media":"","overlay-type":"","overlay-color":"","overlay-opacity":"","overlay-gradient":""},"tablet":{"background-color":"","background-image":"","background-repeat":"repeat","background-position":"center center","background-size":"auto","background-attachment":"scroll","background-type":"","background-media":"","overlay-type":"","overlay-color":"","overlay-opacity":"","overlay-gradient":""},"mobile":{"background-color":"","background-image":"","background-repeat":"repeat","background-position":"center center","background-size":"auto","background-attachment":"scroll","background-type":"","background-media":"","overlay-type":"","overlay-color":"","overlay-opacity":"","overlay-gradient":""}},"ast-content-background-meta":{"desktop":{"background-color":"var(--ast-global-color-5)","background-image":"","background-repeat":"repeat","background-position":"center center","background-size":"auto","background-attachment":"scroll","background-type":"","background-media":"","overlay-type":"","overlay-color":"","overlay-opacity":"","overlay-gradient":""},"tablet":{"background-color":"var(--ast-global-color-5)","background-image":"","background-repeat":"repeat","background-position":"center center","background-size":"auto","background-attachment":"scroll","background-type":"","background-media":"","overlay-type":"","overlay-color":"","overlay-opacity":"","overlay-gradient":""},"mobile":{"background-color":"var(--ast-global-color-5)","background-image":"","background-repeat":"repeat","background-position":"center center","background-size":"auto","background-attachment":"scroll","background-type":"","background-media":"","overlay-type":"","overlay-color":"","overlay-opacity":"","overlay-gradient":""}},"_joinchat":{"message_send":"Hola, me puedes dar m\u00e1s informaci\u00f3n sobre {PRODUCT}"}},"product_brand":[],"product_cat":[33],"product_tag":[],"class_list":{"0":"post-1849","1":"product","2":"type-product","3":"status-publish","4":"has-post-thumbnail","6":"product_cat-herramientas","7":"desktop-align-left","8":"tablet-align-left","9":"mobile-align-left","11":"first","12":"instock","13":"shipping-taxable","14":"product-type-simple"},"_links":{"self":[{"href":"https:\/\/azmovimiento.com\/index.php\/wp-json\/wp\/v2\/product\/1849","targetHints":{"allow":["GET"]}}],"collection":[{"href":"https:\/\/azmovimiento.com\/index.php\/wp-json\/wp\/v2\/product"}],"about":[{"href":"https:\/\/azmovimiento.com\/index.php\/wp-json\/wp\/v2\/types\/product"}],"replies":[{"embeddable":true,"href":"https:\/\/azmovimiento.com\/index.php\/wp-json\/wp\/v2\/comments?post=1849"}],"wp:featuredmedia":[{"embeddable":true,"href":"https:\/\/azmovimiento.com\/index.php\/wp-json\/wp\/v2\/media\/2677"}],"wp:attachment":[{"href":"https:\/\/azmovimiento.com\/index.php\/wp-json\/wp\/v2\/media?parent=1849"}],"wp:term":[{"taxonomy":"product_brand","embeddable":true,"href":"https:\/\/azmovimiento.com\/index.php\/wp-json\/wp\/v2\/product_brand?post=1849"},{"taxonomy":"product_cat","embeddable":true,"href":"https:\/\/azmovimiento.com\/index.php\/wp-json\/wp\/v2\/product_cat?post=1849"},{"taxonomy":"product_tag","embeddable":true,"href":"https:\/\/azmovimiento.com\/index.php\/wp-json\/wp\/v2\/product_tag?post=1849"}],"curies":[{"name":"wp","href":"https:\/\/api.w.org\/{rel}","templated":true}]}}